{"id":90,"date":"2017-09-06T01:07:34","date_gmt":"2017-09-06T01:07:34","guid":{"rendered":"http:\/\/192.168.1.60\/comunic-arte\/?page_id=90"},"modified":"2017-09-06T01:10:55","modified_gmt":"2017-09-06T01:10:55","slug":"formacion","status":"publish","type":"page","link":"http:\/\/maritzaldelar.com\/comunic-arte\/descubre\/formacion\/","title":{"rendered":"Formaci\u00f3n de los ni\u00f1os y las ni\u00f1as"},"content":{"rendered":"","protected":false},"excerpt":{"rendered":"","protected":false},"author":1,"featured_media":0,"parent":45,"menu_order":0,"comment_status":"closed","ping_status":"closed","template":"","meta":{"footnotes":""},"yoast_head":"<!-- This site is optimized with the Yoast SEO plugin v22.3 - https:\/\/yoast.com\/wordpress\/plugins\/seo\/ -->\n<title>Formaci\u00f3n de los ni\u00f1os y las ni\u00f1as - Comunic-ARTE<\/title>\n<meta name=\"robots\" content=\"index, follow, max-snippet:-1, max-image-preview:large, max-video-preview:-1\" \/>\n<link rel=\"canonical\" href=\"http:\/\/maritzaldelar.com\/comunic-arte\/descubre\/formacion\/\" \/>\n<meta property=\"og:locale\" content=\"es_ES\" \/>\n<meta property=\"og:type\" content=\"article\" \/>\n<meta property=\"og:title\" content=\"Formaci\u00f3n de los ni\u00f1os y las ni\u00f1as - Comunic-ARTE\" \/>\n<meta property=\"og:url\" content=\"http:\/\/maritzaldelar.com\/comunic-arte\/descubre\/formacion\/\" \/>\n<meta property=\"og:site_name\" content=\"Comunic-ARTE\" \/>\n<meta property=\"article:modified_time\" content=\"2017-09-06T01:10:55+00:00\" \/>\n<meta name=\"twitter:card\" content=\"summary_large_image\" \/>\n<script type=\"application\/ld+json\" class=\"yoast-schema-graph\">{\"@context\":\"https:\/\/schema.org\",\"@graph\":[{\"@type\":\"WebPage\",\"@id\":\"http:\/\/maritzaldelar.com\/comunic-arte\/descubre\/formacion\/\",\"url\":\"http:\/\/maritzaldelar.com\/comunic-arte\/descubre\/formacion\/\",\"name\":\"Formaci\u00f3n de los ni\u00f1os y las ni\u00f1as - Comunic-ARTE\",\"isPartOf\":{\"@id\":\"http:\/\/maritzaldelar.com\/comunic-arte\/#website\"},\"datePublished\":\"2017-09-06T01:07:34+00:00\",\"dateModified\":\"2017-09-06T01:10:55+00:00\",\"breadcrumb\":{\"@id\":\"http:\/\/maritzaldelar.com\/comunic-arte\/descubre\/formacion\/#breadcrumb\"},\"inLanguage\":\"es-AR\",\"potentialAction\":[{\"@type\":\"ReadAction\",\"target\":[\"http:\/\/maritzaldelar.com\/comunic-arte\/descubre\/formacion\/\"]}]},{\"@type\":\"BreadcrumbList\",\"@id\":\"http:\/\/maritzaldelar.com\/comunic-arte\/descubre\/formacion\/#breadcrumb\",\"itemListElement\":[{\"@type\":\"ListItem\",\"position\":1,\"name\":\"Home\",\"item\":\"http:\/\/maritzaldelar.com\/comunic-arte\/\"},{\"@type\":\"ListItem\",\"position\":2,\"name\":\"Descubre el proyecto\",\"item\":\"http:\/\/maritzaldelar.com\/comunic-arte\/descubre\/\"},{\"@type\":\"ListItem\",\"position\":3,\"name\":\"Formaci\u00f3n de los ni\u00f1os y las ni\u00f1as\"}]},{\"@type\":\"WebSite\",\"@id\":\"http:\/\/maritzaldelar.com\/comunic-arte\/#website\",\"url\":\"http:\/\/maritzaldelar.com\/comunic-arte\/\",\"name\":\"Comunic-ARTE\",\"description\":\"Universidad del Valle\",\"potentialAction\":[{\"@type\":\"SearchAction\",\"target\":{\"@type\":\"EntryPoint\",\"urlTemplate\":\"http:\/\/maritzaldelar.com\/comunic-arte\/?s={search_term_string}\"},\"query-input\":\"required name=search_term_string\"}],\"inLanguage\":\"es-AR\"}]}<\/script>\n<!-- \/ Yoast SEO plugin. -->","yoast_head_json":{"title":"Formaci\u00f3n de los ni\u00f1os y las ni\u00f1as - Comunic-ARTE","robots":{"index":"index","follow":"follow","max-snippet":"max-snippet:-1","max-image-preview":"max-image-preview:large","max-video-preview":"max-video-preview:-1"},"canonical":"http:\/\/maritzaldelar.com\/comunic-arte\/descubre\/formacion\/","og_locale":"es_ES","og_type":"article","og_title":"Formaci\u00f3n de los ni\u00f1os y las ni\u00f1as - Comunic-ARTE","og_url":"http:\/\/maritzaldelar.com\/comunic-arte\/descubre\/formacion\/","og_site_name":"Comunic-ARTE","article_modified_time":"2017-09-06T01:10:55+00:00","twitter_card":"summary_large_image","schema":{"@context":"https:\/\/schema.org","@graph":[{"@type":"WebPage","@id":"http:\/\/maritzaldelar.com\/comunic-arte\/descubre\/formacion\/","url":"http:\/\/maritzaldelar.com\/comunic-arte\/descubre\/formacion\/","name":"Formaci\u00f3n de los ni\u00f1os y las ni\u00f1as - Comunic-ARTE","isPartOf":{"@id":"http:\/\/maritzaldelar.com\/comunic-arte\/#website"},"datePublished":"2017-09-06T01:07:34+00:00","dateModified":"2017-09-06T01:10:55+00:00","breadcrumb":{"@id":"http:\/\/maritzaldelar.com\/comunic-arte\/descubre\/formacion\/#breadcrumb"},"inLanguage":"es-AR","potentialAction":[{"@type":"ReadAction","target":["http:\/\/maritzaldelar.com\/comunic-arte\/descubre\/formacion\/"]}]},{"@type":"BreadcrumbList","@id":"http:\/\/maritzaldelar.com\/comunic-arte\/descubre\/formacion\/#breadcrumb","itemListElement":[{"@type":"ListItem","position":1,"name":"Home","item":"http:\/\/maritzaldelar.com\/comunic-arte\/"},{"@type":"ListItem","position":2,"name":"Descubre el proyecto","item":"http:\/\/maritzaldelar.com\/comunic-arte\/descubre\/"},{"@type":"ListItem","position":3,"name":"Formaci\u00f3n de los ni\u00f1os y las ni\u00f1as"}]},{"@type":"WebSite","@id":"http:\/\/maritzaldelar.com\/comunic-arte\/#website","url":"http:\/\/maritzaldelar.com\/comunic-arte\/","name":"Comunic-ARTE","description":"Universidad del Valle","potentialAction":[{"@type":"SearchAction","target":{"@type":"EntryPoint","urlTemplate":"http:\/\/maritzaldelar.com\/comunic-arte\/?s={search_term_string}"},"query-input":"required name=search_term_string"}],"inLanguage":"es-AR"}]}},"_links":{"self":[{"href":"http:\/\/maritzaldelar.com\/comunic-arte\/wp-json\/wp\/v2\/pages\/90"}],"collection":[{"href":"http:\/\/maritzaldelar.com\/comunic-arte\/wp-json\/wp\/v2\/pages"}],"about":[{"href":"http:\/\/maritzaldelar.com\/comunic-arte\/wp-json\/wp\/v2\/types\/page"}],"author":[{"embeddable":true,"href":"http:\/\/maritzaldelar.com\/comunic-arte\/wp-json\/wp\/v2\/users\/1"}],"replies":[{"embeddable":true,"href":"http:\/\/maritzaldelar.com\/comunic-arte\/wp-json\/wp\/v2\/comments?post=90"}],"version-history":[{"count":1,"href":"http:\/\/maritzaldelar.com\/comunic-arte\/wp-json\/wp\/v2\/pages\/90\/revisions"}],"predecessor-version":[{"id":91,"href":"http:\/\/maritzaldelar.com\/comunic-arte\/wp-json\/wp\/v2\/pages\/90\/revisions\/91"}],"up":[{"embeddable":true,"href":"http:\/\/maritzaldelar.com\/comunic-arte\/wp-json\/wp\/v2\/pages\/45"}],"wp:attachment":[{"href":"http:\/\/maritzaldelar.com\/comunic-arte\/wp-json\/wp\/v2\/media?parent=90"}],"curies":[{"name":"wp","href":"https:\/\/api.w.org\/{rel}","templated":true}]}}