{"id":9,"date":"2017-07-27T01:46:29","date_gmt":"2017-07-27T01:46:29","guid":{"rendered":"http:\/\/maritzaldelar.com\/comunic-arte\/?page_id=9"},"modified":"2017-08-11T02:29:23","modified_gmt":"2017-08-11T02:29:23","slug":"inicio","status":"publish","type":"page","link":"http:\/\/maritzaldelar.com\/comunic-arte\/","title":{"rendered":"Inicio"},"content":{"rendered":"<p>\u00a1Bienvenido a tu sitio! Esta es tu p\u00e1gina de inicio, que es la que la mayor\u00eda de visitantes ver\u00e1n cuando vengan a tu sitio por primera vez.<\/p>\n<p>Este contenido no se muestra \ud83d\ude42<\/p>\n","protected":false},"excerpt":{"rendered":"<p>\u00a1Bienvenido a tu sitio! Esta es tu p\u00e1gina de inicio, que es la que la mayor\u00eda de visitantes ver\u00e1n cuando vengan a tu sitio por primera vez. Este contenido no se muestra \ud83d\ude42<\/p>\n","protected":false},"author":1,"featured_media":0,"parent":0,"menu_order":0,"comment_status":"closed","ping_status":"closed","template":"","meta":{"footnotes":""},"yoast_head":"<!-- This site is optimized with the Yoast SEO plugin v22.3 - https:\/\/yoast.com\/wordpress\/plugins\/seo\/ -->\n<title>Inicio - Comunic-ARTE<\/title>\n<meta name=\"robots\" content=\"index, follow, max-snippet:-1, max-image-preview:large, max-video-preview:-1\" \/>\n<link rel=\"canonical\" href=\"http:\/\/maritzaldelar.com\/comunic-arte\/\" \/>\n<meta property=\"og:locale\" content=\"es_ES\" \/>\n<meta property=\"og:type\" content=\"article\" \/>\n<meta property=\"og:title\" content=\"Inicio - Comunic-ARTE\" \/>\n<meta property=\"og:description\" content=\"\u00a1Bienvenido a tu sitio! Esta es tu p\u00e1gina de inicio, que es la que la mayor\u00eda de visitantes ver\u00e1n cuando vengan a tu sitio por primera vez. Este contenido no se muestra \ud83d\ude42\" \/>\n<meta property=\"og:url\" content=\"http:\/\/maritzaldelar.com\/comunic-arte\/\" \/>\n<meta property=\"og:site_name\" content=\"Comunic-ARTE\" \/>\n<meta property=\"article:modified_time\" content=\"2017-08-11T02:29:23+00:00\" \/>\n<meta name=\"twitter:card\" content=\"summary_large_image\" \/>\n<script type=\"application\/ld+json\" class=\"yoast-schema-graph\">{\"@context\":\"https:\/\/schema.org\",\"@graph\":[{\"@type\":\"WebPage\",\"@id\":\"http:\/\/maritzaldelar.com\/comunic-arte\/\",\"url\":\"http:\/\/maritzaldelar.com\/comunic-arte\/\",\"name\":\"Inicio - Comunic-ARTE\",\"isPartOf\":{\"@id\":\"http:\/\/maritzaldelar.com\/comunic-arte\/#website\"},\"datePublished\":\"2017-07-27T01:46:29+00:00\",\"dateModified\":\"2017-08-11T02:29:23+00:00\",\"breadcrumb\":{\"@id\":\"http:\/\/maritzaldelar.com\/comunic-arte\/#breadcrumb\"},\"inLanguage\":\"es-AR\",\"potentialAction\":[{\"@type\":\"ReadAction\",\"target\":[\"http:\/\/maritzaldelar.com\/comunic-arte\/\"]}]},{\"@type\":\"BreadcrumbList\",\"@id\":\"http:\/\/maritzaldelar.com\/comunic-arte\/#breadcrumb\",\"itemListElement\":[{\"@type\":\"ListItem\",\"position\":1,\"name\":\"Home\",\"item\":\"http:\/\/maritzaldelar.com\/comunic-arte\/\"},{\"@type\":\"ListItem\",\"position\":2,\"name\":\"Inicio\"}]},{\"@type\":\"WebSite\",\"@id\":\"http:\/\/maritzaldelar.com\/comunic-arte\/#website\",\"url\":\"http:\/\/maritzaldelar.com\/comunic-arte\/\",\"name\":\"Comunic-ARTE\",\"description\":\"Universidad del Valle\",\"potentialAction\":[{\"@type\":\"SearchAction\",\"target\":{\"@type\":\"EntryPoint\",\"urlTemplate\":\"http:\/\/maritzaldelar.com\/comunic-arte\/?s={search_term_string}\"},\"query-input\":\"required name=search_term_string\"}],\"inLanguage\":\"es-AR\"}]}<\/script>\n<!-- \/ Yoast SEO plugin. -->","yoast_head_json":{"title":"Inicio - Comunic-ARTE","robots":{"index":"index","follow":"follow","max-snippet":"max-snippet:-1","max-image-preview":"max-image-preview:large","max-video-preview":"max-video-preview:-1"},"canonical":"http:\/\/maritzaldelar.com\/comunic-arte\/","og_locale":"es_ES","og_type":"article","og_title":"Inicio - Comunic-ARTE","og_description":"\u00a1Bienvenido a tu sitio! Esta es tu p\u00e1gina de inicio, que es la que la mayor\u00eda de visitantes ver\u00e1n cuando vengan a tu sitio por primera vez. Este contenido no se muestra \ud83d\ude42","og_url":"http:\/\/maritzaldelar.com\/comunic-arte\/","og_site_name":"Comunic-ARTE","article_modified_time":"2017-08-11T02:29:23+00:00","twitter_card":"summary_large_image","schema":{"@context":"https:\/\/schema.org","@graph":[{"@type":"WebPage","@id":"http:\/\/maritzaldelar.com\/comunic-arte\/","url":"http:\/\/maritzaldelar.com\/comunic-arte\/","name":"Inicio - Comunic-ARTE","isPartOf":{"@id":"http:\/\/maritzaldelar.com\/comunic-arte\/#website"},"datePublished":"2017-07-27T01:46:29+00:00","dateModified":"2017-08-11T02:29:23+00:00","breadcrumb":{"@id":"http:\/\/maritzaldelar.com\/comunic-arte\/#breadcrumb"},"inLanguage":"es-AR","potentialAction":[{"@type":"ReadAction","target":["http:\/\/maritzaldelar.com\/comunic-arte\/"]}]},{"@type":"BreadcrumbList","@id":"http:\/\/maritzaldelar.com\/comunic-arte\/#breadcrumb","itemListElement":[{"@type":"ListItem","position":1,"name":"Home","item":"http:\/\/maritzaldelar.com\/comunic-arte\/"},{"@type":"ListItem","position":2,"name":"Inicio"}]},{"@type":"WebSite","@id":"http:\/\/maritzaldelar.com\/comunic-arte\/#website","url":"http:\/\/maritzaldelar.com\/comunic-arte\/","name":"Comunic-ARTE","description":"Universidad del Valle","potentialAction":[{"@type":"SearchAction","target":{"@type":"EntryPoint","urlTemplate":"http:\/\/maritzaldelar.com\/comunic-arte\/?s={search_term_string}"},"query-input":"required name=search_term_string"}],"inLanguage":"es-AR"}]}},"_links":{"self":[{"href":"http:\/\/maritzaldelar.com\/comunic-arte\/wp-json\/wp\/v2\/pages\/9"}],"collection":[{"href":"http:\/\/maritzaldelar.com\/comunic-arte\/wp-json\/wp\/v2\/pages"}],"about":[{"href":"http:\/\/maritzaldelar.com\/comunic-arte\/wp-json\/wp\/v2\/types\/page"}],"author":[{"embeddable":true,"href":"http:\/\/maritzaldelar.com\/comunic-arte\/wp-json\/wp\/v2\/users\/1"}],"replies":[{"embeddable":true,"href":"http:\/\/maritzaldelar.com\/comunic-arte\/wp-json\/wp\/v2\/comments?post=9"}],"version-history":[{"count":2,"href":"http:\/\/maritzaldelar.com\/comunic-arte\/wp-json\/wp\/v2\/pages\/9\/revisions"}],"predecessor-version":[{"id":47,"href":"http:\/\/maritzaldelar.com\/comunic-arte\/wp-json\/wp\/v2\/pages\/9\/revisions\/47"}],"wp:attachment":[{"href":"http:\/\/maritzaldelar.com\/comunic-arte\/wp-json\/wp\/v2\/media?parent=9"}],"curies":[{"name":"wp","href":"https:\/\/api.w.org\/{rel}","templated":true}]}}